{"id":577,"date":"2019-04-22T11:57:56","date_gmt":"2019-04-22T11:57:56","guid":{"rendered":"https:\/\/promo-theme.com\/mato\/?page_id=577"},"modified":"2026-01-19T17:23:10","modified_gmt":"2026-01-19T16:23:10","slug":"ueber-uns","status":"publish","type":"page","link":"https:\/\/uncaptured.ch\/index.php\/ueber-uns\/","title":{"rendered":"\u00dcber uns"},"content":{"rendered":"<div class=\"wpb-content-wrapper\"><p>[vc_row full_width=&#187;stretch_row_content_no_spaces&#187; uniqid=&#187;5cd93467e61fb&#187;][vc_column]    <section class=\"banner-area banner-area-5cd921458e92c banner-default\">\n            <div class=\"banner-item tal\" style=\"height: 380px;\">\n        \n    <div class=\"bg-overlay\">\n                        <div class=\"image\" data-parallax=\"true\" data-image-src=\"https:\/\/uncaptured.ch\/wp-content\/uploads\/2023\/12\/4F92D2A8-91E3-4361-9276-57214848E6CC_1-scaled.jpeg\" data-position-y=\"center\" data-speed=\"0.8\"><\/div>\n                                <div class=\"color\"><\/div>\n          <\/div>\n\n            <div class=\"container\">\n          <div class=\"row align-items-center fixed-height\" style=\"height: 380px;\">\n            <div class=\"col\">\n                              <div class=\"heading-block tal\">\n                                      <div class=\"sub-h\">entdecke<\/div>\n                                      <h1 class=\"h\"><span>\u00dcber uncaptured<\/span><\/h1>\n                                  <\/div>\n                              <a class=\"play-button-style2 single-popup-item\" href=\"#\" data-magic-cursor=\"link\" data-type=\"video\" data-size=\"1920x1080\" data-video='<div class=\"wrapper\"><div class=\"video-wrapper\"><iframe loading=\"lazy\" class=\"pswp__video\" width=\"1920\" height=\"1080\" src=\"https:\/\/youtube.com\/embed\/fZT6n5Ach2M?rel=0&#038;\" frameborder=\"0\" allowfullscreen><\/iframe><\/div><\/div>'>\n                  <svg>\n                    <use xlink:href=\"#dotted-circle\"><\/use>\n                  <\/svg>\n                  <i class=\"essential-compilation-play-button\"><\/i>\n                  <i class=\"essential-compilation-play-button\"><\/i>\n                  <span>Abspielen<\/span>\n                <\/a>\n                          <\/div>\n          <\/div>\n        <\/div>\n      <\/div>\n    <\/section>\n    [\/vc_column][\/vc_row][vc_row css=&#187;.vc_custom_1557739916940{padding-top: 45px !important;padding-bottom: 0px !important;}&#187; uniqid=&#187;5cd9387346374&#8243;][vc_column]    <div class=\"tabs-block tabs-block-5cd934f48a566 vertical \">\r\n      <div class=\"tb-buttons\">\r\n                  <div class=\"button\" data-magic-cursor=\"link-small\" data-title=\"Vergangenheit\"><span>Vergangenheit<\/span><\/div>\r\n                  <div class=\"button\" data-magic-cursor=\"link-small\" data-title=\"Vision\"><span>Vision<\/span><\/div>\r\n                  <div class=\"button\" data-magic-cursor=\"link-small\" data-title=\"Am Set\"><span>Am Set<\/span><\/div>\r\n                  <div class=\"button\" data-magic-cursor=\"link-small\" data-title=\"Arbeitsweise\"><span>Arbeitsweise<\/span><\/div>\r\n                  <div class=\"button\" data-magic-cursor=\"link-small\" data-title=\"Grundsatz\"><span>Grundsatz<\/span><\/div>\r\n              <\/div>\r\n      <div class=\"tb-wrap\">\r\n            <div class=\"wrap\">\r\n      <div class=\"tb-m-button\"><span>Vergangenheit<\/span><\/div>\r\n      <div class=\"wrap-inner\">\r\n        <div class=\"inner-content\">\r\n                <div class=\"heading-block heading-5cd935ed4aa27 tal h-h5 type-accent\">\n                  <h5 class=\"h\"><span>Von<\/span> VinexFilms <span>\u00fcber<\/span> Focal Length <span>zu<\/span> uncaptured<\/h5>\n              <\/div>\n    [vc_column_text el_class=&#187;text-t1&#8243;]Im Jahr 2020 entstand VinexFilms aus einer tiefen Leidenschaft f\u00fcr Film. Zwei erfolgreiche Jahre sp\u00e4ter entschied das Unternehmen, sich neu auszurichten und den Namen in Focal Length zu \u00e4ndern. Fast vier Jahre sp\u00e4ter ist Focal Length ein etablierter Name in der Filmproduktion. Unser Weg war gepr\u00e4gt von unerm\u00fcdlicher Leidenschaft und dem st\u00e4ndigen Streben nach Qualit\u00e4t.<\/p>\n<p>Im Jahr 2026 haben wir ein weiteres Kapitel aufgeschlagen: Nach weiteren erfolgreichen Jahren und zahlreichen Projekten hat sich Focal Length ein Rebranding verdient \u2013 und tritt ab sofort unter dem Namen <em><strong><span style=\"font-size: 14pt;\">uncaptured <\/span><\/strong><\/em>auf. Mit uncaptured gehen wir den n\u00e4chsten Schritt: noch professioneller, noch kreativer und mit einem klaren Fokus auf au\u00dfergew\u00f6hnliche visuelle Erlebnisse.[\/vc_column_text]        <\/div>\r\n      <\/div>\r\n    <\/div>\r\n        <div class=\"wrap\">\r\n      <div class=\"tb-m-button\"><span>Vision<\/span><\/div>\r\n      <div class=\"wrap-inner\">\r\n        <div class=\"inner-content\">\r\n                <div class=\"heading-block heading-65804729845d6 tal h-h5 type-accent\">\n                  <h5 class=\"h\">Unsere <span>Vision<\/span><\/h5>\n              <\/div>\n    [vc_column_text el_class=&#187;text-t1&#8243;]Wir freuen uns auf die kommenden Jahre, in denen auf unserem Weg spannende Herausforderungen und fesselnde Projekte auf uns warten.<\/p>\n<p>Schon heute kann uncaptured mit Bravour in seine Vergangenheit schauen und \u00fcber die vielen Zusammenarbeiten stolz sein.[\/vc_column_text]        <\/div>\r\n      <\/div>\r\n    <\/div>\r\n        <div class=\"wrap\">\r\n      <div class=\"tb-m-button\"><span>Am Set<\/span><\/div>\r\n      <div class=\"wrap-inner\">\r\n        <div class=\"inner-content\">\r\n                <div class=\"heading-block heading-658049c379feb tal h-h5 type-accent\">\n                  <h5 class=\"h\">Am Set <span>von uncaptured<\/span><\/h5>\n              <\/div>\n    [vc_column_text el_class=&#187;text-t1&#8243;]Am Set von uncaptured legen wir besonderen Wert auf eine famili\u00e4re Atmosph\u00e4re, in der jeder Mitarbeiter eine bedeutende Rolle spielt. Als Team von 1-2 Mitarbeitern haben wir die Flexibilit\u00e4t, uns schnell an die Bed\u00fcrfnisse eines Projekts anzupassen und dabei h\u00f6chste Qualit\u00e4tsstandards zu gew\u00e4hrleisten.[\/vc_column_text]        <\/div>\r\n      <\/div>\r\n    <\/div>\r\n        <div class=\"wrap\">\r\n      <div class=\"tb-m-button\"><span>Arbeitsweise<\/span><\/div>\r\n      <div class=\"wrap-inner\">\r\n        <div class=\"inner-content\">\r\n                <div class=\"heading-block heading-6580488c845ca tal h-h5 type-accent\">\n                  <h5 class=\"h\">Die Arbeitsweise <span>von uncaptured<\/span><\/h5>\n              <\/div>\n    [vc_column_text el_class=&#187;text-t1&#8243;]Unsere Arbeitsweise zeichnet sich durch Effizienz, Kreativit\u00e4t und Professionalit\u00e4t aus. Wir arbeiten Hand in Hand, um sicherzustellen, dass jede Szene, jeder Moment und jede Einstellung die gew\u00fcnschte emotionale Wirkung erzielt. Unsere Ausr\u00fcstung ist auf dem neuesten Stand der Technik, um sicherzustellen, dass wir jede Vision in beeindruckende Bilder umsetzen k\u00f6nnen.[\/vc_column_text]        <\/div>\r\n      <\/div>\r\n    <\/div>\r\n        <div class=\"wrap\">\r\n      <div class=\"tb-m-button\"><span>Grundsatz<\/span><\/div>\r\n      <div class=\"wrap-inner\">\r\n        <div class=\"inner-content\">\r\n                <div class=\"heading-block heading-65804a51e3c6b tal h-h5 type-accent\">\n                  <h5 class=\"h\">Der Grundsatz <span>von uncaptured<\/span><\/h5>\n              <\/div>\n    [vc_column_text el_class=&#187;text-t1&#8243;]Trotz unserer kleinen Gr\u00f6\u00dfe streben wir stets nach Exzellenz und sind stolz darauf, mit viel Liebe zum Detail innovative und qualitativ hochwertige Filme zu produzieren. Wir lieben Herausforderungen und sind bereit, uns in jedes Projekt mit Herzblut einzubringen.<\/p>\n<p>uncaptured steht f\u00fcr Kreativit\u00e4t, Professionalit\u00e4t und die Kunst, Geschichten zu erz\u00e4hlen. Wir freuen uns darauf, mit Ihnen gemeinsam Projekte zu realisieren, die die Zuschauer ber\u00fchren und begeistern werden. Willkommen in unserer Welt des Films![\/vc_column_text]        <\/div>\r\n      <\/div>\r\n    <\/div>\r\n          <\/div>\r\n    <\/div>\r\n    [\/vc_column][\/vc_row][vc_row css=&#187;.vc_custom_1557742601182{padding-top: 40px !important;padding-bottom: 75px !important;}&#187; uniqid=&#187;5cc2b13f34c24&#8243;][vc_column]      <div class=\"heading-block heading-5cc2b0fed3e3e tal h-h2 with-dots mode-overlay vc_custom_1702664241881\">\n                  <h2 class=\"h\">Starte dein <span>Projekt mit uns<\/span><\/h2>\n              <\/div>\n        <div class=\"team-block team-carousel-5cc2afd8f5435\">\n            <div class=\"swiper-container\" data-magic-cursor=\"link-w-text\" data-magic-cursor-text=\"Ziehen\">\n        <div class=\"swiper-wrapper\">\n              <div class=\"team-item swiper-slide team-item-5cc2af2243caf\">\n      <div class=\"avatar\">\n        <div class=\"img\" style=\"background-image: url(https:\/\/uncaptured.ch\/wp-content\/uploads\/2023\/12\/Bastian.jpg);\"><\/div>\n              <\/div>\n      <div class=\"bottom\">\n                  <h5 class=\"name\">Bastian Steingruber<\/h5>\n                  <div class=\"post\">Gesch\u00e4ftsf\u00fchrer, Content Creator<\/div>\n              <\/div>\n    <\/div>\n        <div class=\"team-item swiper-slide team-item-657c8932c12cd\">\n      <div class=\"avatar\">\n        <div class=\"img\" style=\"background-image: url(https:\/\/uncaptured.ch\/wp-content\/uploads\/2023\/12\/Kaja-Final.png);\"><\/div>\n              <\/div>\n      <div class=\"bottom\">\n                  <h5 class=\"name\">Kaja Affolter<\/h5>\n                  <div class=\"post\">Content Creator<\/div>\n              <\/div>\n    <\/div>\n            <\/div>\n      <\/div>\n    <\/div>\n    [\/vc_column][\/vc_row][vc_row][vc_column]\t\t\t\t\t\t\t<div class=\"portfolio-carousel portfolio-5cd938d6c17b0\">\n\t\t\t\t\t<div class=\"content\">\n\t\t\t\t\t\t\t\t\t\t\t\t\t<div class=\"heading-block with-dots\">\n\t\t\t\t\t\t\t\t<h2 class=\"h\"><span>Videos<\/span>, auf die<br \/>\nwir stolz sind<\/h2>\n\t\t\t\t\t\t\t<\/div>\n\t\t\t\t\t\t\t\t\t\t\t\t\t<div class=\"nav\">\n\t\t\t\t\t\t\t\t\t\t\t\t\t\t\t\t\t<div class=\"prev base-icon-back\" data-magic-cursor=\"link-small\"><\/div>\n\t\t\t\t\t\t\t\t\t\t\t\t\t\t\t\t\t<div class=\"counter\"><\/div>\n\t\t\t\t\t\t\t\t\t\t\t\t\t\t\t\t\t<div class=\"next base-icon-next-1\" data-magic-cursor=\"link-small\"><\/div>\n\t\t\t\t\t\t\t\t\t\t\t\t\t\t\t<\/div>\n\t\t\t\t\t\t\t\t\t\t\t\t<div class=\"description\"><\/div>\n\t\t\t\t\t\t<a class=\"button-style1\" href=\"#\"><span>Zum Video<\/span><\/a>\n\t\t\t\t\t<\/div>\n\t\t\t\t\t<div class=\"slider-block swiper-container\">\n\t\t\t\t\t\t<div class=\"swiper-wrapper\">\n\t\t\t\t\t\t\t\t\t<article class=\" category-social-content swiper-slide\" data-permalink=\"https:\/\/uncaptured.ch\/index.php\/project\/snowy-zurich\/\" data-desc=\"[vc_row][vc_column][vc_video link=&quot;https:\/\/youtu.be\/fZT6n5Ach2M&quot; align=&quot;center&quot;][\/vc_column][\/vc_row]\">\n\t\t\t<div class=\"portfolio-item-grid post-1116 fw-portfolio type-fw-portfolio status-publish has-post-thumbnail hentry fw-portfolio-category-social-content\">\n\t\t\t\t<div class=\"img-block\">\n\t\t\t\t\t\t\t\t\t\t\t<div style=\"background-image: url(https:\/\/uncaptured.ch\/wp-content\/uploads\/2023\/12\/Snowy_Zurich-1024x459.jpg)\"><\/div>\n\t\t\t\t\t\t\t\t\t<\/div>\n\t\t\t\t<div class=\"content\">\n\t\t\t\t\t<div class=\"num\">01<\/div>\n\t\t\t\t\t<h5 class=\"h\">Snowy Zurich<\/h5>\n\t\t\t\t\t<div class=\"cat\">Social Content<\/div>\n\t\t\t\t<\/div>\n\t\t\t\t<a href=\"https:\/\/uncaptured.ch\/index.php\/project\/snowy-zurich\/\" data-magic-cursor=\"link-w-text\" data-magic-cursor-text=\"Anschauen\" data-id=\"1\"><\/a>\t\t\t<\/div>\n\t\t<\/article>\n\t\t\t\t<article class=\" category-musik-video category-video swiper-slide\" data-permalink=\"https:\/\/uncaptured.ch\/index.php\/project\/small-time-criminal\/\" data-desc=\"[vc_row][vc_column][vc_video link=&quot;https:\/\/youtu.be\/dyezFAcDSUA&quot; align=&quot;center&quot;][\/vc_column][\/vc_row]\">\n\t\t\t<div class=\"portfolio-item-grid post-1137 fw-portfolio type-fw-portfolio status-publish has-post-thumbnail hentry fw-portfolio-category-musik-video fw-portfolio-category-video\">\n\t\t\t\t<div class=\"img-block\">\n\t\t\t\t\t\t\t\t\t\t\t<div style=\"background-image: url(https:\/\/uncaptured.ch\/wp-content\/uploads\/2023\/12\/Small_Time_Criminal-1024x475.jpg)\"><\/div>\n\t\t\t\t\t\t\t\t\t<\/div>\n\t\t\t\t<div class=\"content\">\n\t\t\t\t\t<div class=\"num\">02<\/div>\n\t\t\t\t\t<h5 class=\"h\">Small Time Criminal<\/h5>\n\t\t\t\t\t<div class=\"cat\">Musik Video, Video<\/div>\n\t\t\t\t<\/div>\n\t\t\t\t<a href=\"https:\/\/uncaptured.ch\/index.php\/project\/small-time-criminal\/\" data-magic-cursor=\"link-w-text\" data-magic-cursor-text=\"Anschauen\" data-id=\"2\"><\/a>\t\t\t<\/div>\n\t\t<\/article>\n\t\t\t\t<article class=\" category-event category-video swiper-slide\" data-permalink=\"https:\/\/uncaptured.ch\/index.php\/project\/weltklasse-zurich-2022\/\" data-desc=\"[vc_row][vc_column][vc_video link=&quot;https:\/\/youtu.be\/M6pybDNwqXQ&quot; align=&quot;center&quot;][\/vc_column][\/vc_row]\">\n\t\t\t<div class=\"portfolio-item-grid post-1149 fw-portfolio type-fw-portfolio status-publish has-post-thumbnail hentry fw-portfolio-category-event fw-portfolio-category-video\">\n\t\t\t\t<div class=\"img-block\">\n\t\t\t\t\t\t\t\t\t\t\t<div style=\"background-image: url(https:\/\/uncaptured.ch\/wp-content\/uploads\/2023\/12\/Weltklasse_Zurich_2022-1024x487.jpg)\"><\/div>\n\t\t\t\t\t\t\t\t\t<\/div>\n\t\t\t\t<div class=\"content\">\n\t\t\t\t\t<div class=\"num\">03<\/div>\n\t\t\t\t\t<h5 class=\"h\">Weltklasse Z\u00fcrich 2022<\/h5>\n\t\t\t\t\t<div class=\"cat\">Event, Video<\/div>\n\t\t\t\t<\/div>\n\t\t\t\t<a href=\"https:\/\/uncaptured.ch\/index.php\/project\/weltklasse-zurich-2022\/\" data-magic-cursor=\"link-w-text\" data-magic-cursor-text=\"Anschauen\" data-id=\"3\"><\/a>\t\t\t<\/div>\n\t\t<\/article>\n\t\t\t\t<article class=\" category-event category-video swiper-slide\" data-permalink=\"https:\/\/uncaptured.ch\/index.php\/project\/1400\/\" data-desc=\"[vc_row][vc_column][vc_video link=&quot;https:\/\/youtu.be\/l301WfVT_-0&quot;][\/vc_column][\/vc_row]\n\">\n\t\t\t<div class=\"portfolio-item-grid post-1400 fw-portfolio type-fw-portfolio status-publish has-post-thumbnail hentry fw-portfolio-category-event fw-portfolio-category-video\">\n\t\t\t\t<div class=\"img-block\">\n\t\t\t\t\t\t\t\t\t\t\t<div style=\"background-image: url(https:\/\/uncaptured.ch\/wp-content\/uploads\/2024\/10\/cv-summit-1024x561.jpg)\"><\/div>\n\t\t\t\t\t\t\t\t\t<\/div>\n\t\t\t\t<div class=\"content\">\n\t\t\t\t\t<div class=\"num\">04<\/div>\n\t\t\t\t\t<h5 class=\"h\">onocoy - CV Summit<\/h5>\n\t\t\t\t\t<div class=\"cat\">Event, Video<\/div>\n\t\t\t\t<\/div>\n\t\t\t\t<a href=\"https:\/\/uncaptured.ch\/index.php\/project\/1400\/\" data-magic-cursor=\"link-w-text\" data-magic-cursor-text=\"Anschauen\" data-id=\"4\"><\/a>\t\t\t<\/div>\n\t\t<\/article>\n\t\t\t\t<article class=\" category-event category-video swiper-slide\" data-permalink=\"https:\/\/uncaptured.ch\/index.php\/project\/1434\/\" data-desc=\"[vc_row][vc_column][vc_video link=&quot;https:\/\/youtu.be\/6M3YcnA2s9M&quot;][\/vc_column][\/vc_row]\">\n\t\t\t<div class=\"portfolio-item-grid post-1434 fw-portfolio type-fw-portfolio status-publish has-post-thumbnail hentry fw-portfolio-category-event fw-portfolio-category-video\">\n\t\t\t\t<div class=\"img-block\">\n\t\t\t\t\t\t\t\t\t\t\t<div style=\"background-image: url(https:\/\/uncaptured.ch\/wp-content\/uploads\/2024\/11\/AIPS24-00069-1024x683.jpg)\"><\/div>\n\t\t\t\t\t\t\t\t\t<\/div>\n\t\t\t\t<div class=\"content\">\n\t\t\t\t\t<div class=\"num\">05<\/div>\n\t\t\t\t\t<h5 class=\"h\">AI Policy Summit 2024<\/h5>\n\t\t\t\t\t<div class=\"cat\">Event, Video<\/div>\n\t\t\t\t<\/div>\n\t\t\t\t<a href=\"https:\/\/uncaptured.ch\/index.php\/project\/1434\/\" data-magic-cursor=\"link-w-text\" data-magic-cursor-text=\"Anschauen\" data-id=\"5\"><\/a>\t\t\t<\/div>\n\t\t<\/article>\n\t\t\t\t<article class=\" category-event category-video swiper-slide\" data-permalink=\"https:\/\/uncaptured.ch\/index.php\/project\/2-rad-gv\/\" data-desc=\"[vc_row][vc_column][\/vc_column][\/vc_row]\">\n\t\t\t<div class=\"portfolio-item-grid post-1442 fw-portfolio type-fw-portfolio status-publish has-post-thumbnail hentry fw-portfolio-category-event fw-portfolio-category-video\">\n\t\t\t\t<div class=\"img-block\">\n\t\t\t\t\t\t\t\t\t\t\t<div style=\"background-image: url(https:\/\/uncaptured.ch\/wp-content\/uploads\/2024\/12\/2Rad_2024-80-1024x683.jpg)\"><\/div>\n\t\t\t\t\t\t\t\t\t<\/div>\n\t\t\t\t<div class=\"content\">\n\t\t\t\t\t<div class=\"num\">06<\/div>\n\t\t\t\t\t<h5 class=\"h\">2 Rad GV<\/h5>\n\t\t\t\t\t<div class=\"cat\">Event, Video<\/div>\n\t\t\t\t<\/div>\n\t\t\t\t<a href=\"https:\/\/uncaptured.ch\/index.php\/project\/2-rad-gv\/\" data-magic-cursor=\"link-w-text\" data-magic-cursor-text=\"Anschauen\" data-id=\"6\"><\/a>\t\t\t<\/div>\n\t\t<\/article>\n\t\t\t\t\t\t\t\t<\/div>\n\t\t\t\t\t<\/div>\n\t\t\t\t<\/div>\n\t\t\t\t<div class=\"portfolio-carousel-full-with\"><\/div>\n\t\t\t\t\t\t[\/vc_column][\/vc_row]<\/p>\n<\/div>","protected":false},"excerpt":{"rendered":"<p>[vc_row full_width=&#187;stretch_row_content_no_spaces&#187; uniqid=&#187;5cd93467e61fb&#187;][vc_column][\/vc_column][\/vc_row][vc_row css=&#187;.vc_custom_1557739916940{padding-top: 45px !important;padding-bottom: 0px !important;}&#187; uniqid=&#187;5cd9387346374&#8243;][vc_column][\/vc_column][\/vc_row][vc_row css=&#187;.vc_custom_1557742601182{padding-top: 40px !important;padding-bottom: 75px !important;}&#187; uniqid=&#187;5cc2b13f34c24&#8243;][vc_column][\/vc_column][\/vc_row][vc_row][vc_column][\/vc_column][\/vc_row]<\/p>\n","protected":false},"author":1,"featured_media":0,"parent":0,"menu_order":0,"comment_status":"closed","ping_status":"closed","template":"template-landing.php","meta":{"footnotes":"","iawp_total_views":22},"acf":[],"aioseo_notices":[],"_links":{"self":[{"href":"https:\/\/uncaptured.ch\/index.php\/wp-json\/wp\/v2\/pages\/577"}],"collection":[{"href":"https:\/\/uncaptured.ch\/index.php\/wp-json\/wp\/v2\/pages"}],"about":[{"href":"https:\/\/uncaptured.ch\/index.php\/wp-json\/wp\/v2\/types\/page"}],"author":[{"embeddable":true,"href":"https:\/\/uncaptured.ch\/index.php\/wp-json\/wp\/v2\/users\/1"}],"replies":[{"embeddable":true,"href":"https:\/\/uncaptured.ch\/index.php\/wp-json\/wp\/v2\/comments?post=577"}],"version-history":[{"count":36,"href":"https:\/\/uncaptured.ch\/index.php\/wp-json\/wp\/v2\/pages\/577\/revisions"}],"predecessor-version":[{"id":1036,"href":"https:\/\/uncaptured.ch\/index.php\/wp-json\/wp\/v2\/pages\/577\/revisions\/1036"}],"wp:attachment":[{"href":"https:\/\/uncaptured.ch\/index.php\/wp-json\/wp\/v2\/media?parent=577"}],"curies":[{"name":"wp","href":"https:\/\/api.w.org\/{rel}","templated":true}]}}