{"id":1286,"date":"2023-12-17T19:40:30","date_gmt":"2023-12-17T19:40:30","guid":{"rendered":"https:\/\/uncaptured.ch\/?page_id=1286"},"modified":"2026-02-04T15:15:52","modified_gmt":"2026-02-04T14:15:52","slug":"faq","status":"publish","type":"page","link":"https:\/\/uncaptured.ch\/index.php\/faq\/","title":{"rendered":"FAQ"},"content":{"rendered":"<div class=\"wpb-content-wrapper\"><p>[vc_row][vc_column][vc_column_text]<span style=\"font-size: 24pt;\">H\u00e4ufig gestellte Fragen<\/span>[\/vc_column_text][vc_toggle title=&#187;Welche Services bietet ihr alles an?&#187;]Unser Fokus ist ganz klar bei der Videoproduktion von A-Z.<\/p>\n<p>Gerade bei Events \u00fcbernehmen wir aber auch oft die Fotographie, so kann der ganze Rahmen von uns abgedeckt werden.<\/p>\n<p>Bei bedarf sind wir auch f\u00fcr grafische Arbeiten wie zum Beispiel das Erstellen von einem Logo, Covers oder anderen Grafiken, gut eingeschult.[\/vc_toggle][vc_toggle title=&#187;Was habt ihr f\u00fcr Equipment?&#187;]<\/p>\n<p class=\"p1\">Hier eine auflistung unseres In-house-equipment:<\/p>\n<p class=\"p1\">A-Kamera: Panasonic Lumix S5IIX<\/p>\n<p class=\"p1\">B-Kamera: Sony a6400<\/p>\n<p class=\"p1\">Sigma \u2013 28-70mm f2.8 DG DN<\/p>\n<p class=\"p1\">Panasonic Lumix S 70-300mm f4.5-5.6 OIS<\/p>\n<p class=\"p1\">Sony \u2013 E 18-135mm F3.5-5.6 OOS<\/p>\n<p class=\"p1\">Sigma \u2013 30mm F1.4 DC DN<\/p>\n<p class=\"p1\">DJI RS 3 Mini<\/p>\n<p class=\"p1\">DJI Ronin-SC<\/p>\n<p class=\"p1\">sub250g FPV Drone (DJI O4 Pro Air Unit)<\/p>\n<p class=\"p1\">GoPro Hero 9 Black<\/p>\n<p class=\"p1\">2x Rode Lumen Stick LED Light<\/p>\n<p class=\"p1\">Rode Wireless Pro<\/p>\n<p class=\"p1\">Godox TT685III Blitz mit Fernausl\u00f6ser<\/p>\n<p class=\"p1\">Softbox<\/p>\n<p class=\"p1\">Greenscreen<\/p>\n<p class=\"p1\">Diverse Stative<\/p>\n<p class=\"p1\">Analog Kamera<\/p>\n<p class=\"p1\">F\u00fcr gr\u00f6ssere Projekte mieten wir auch regelm\u00e4ssig weiteres Equipment um den Anforderungen gewachsen sein zu k\u00f6nnen.<\/p>\n<p>[\/vc_toggle][vc_toggle title=&#187;Wie viel kostet ein Video bei euch?&#187;]Nun das h\u00e4ngt ganz von der Gr\u00f6sse der Projektes ab. Was wir aber sicherlich gew\u00e4hrleisten ist ein viel besseres Preis-Leistungs Verh\u00e4ltnis als die Grossen Fische in dieser Branche \ud83d\ude09<\/p>\n<p>Am besten schreibst du uns eine Mail auf die Adresse: contact(at)uncaptured(dot)ch<\/p>\n<p>Wir freuen uns auf dich![\/vc_toggle][vc_toggle title=&#187;Wie werden bei euch die Kosten angerechnet?&#187;]Je nach Projekt einigen wir uns im Vorhinein mit dem Kunden auf einen Pauschalbetrag oder eine Stundenabrechnung.<\/p>\n<p>Nach Abschluss des Auftrages, wird eine Rechnung versendet.[\/vc_toggle][vc_toggle title=&#187;Mit welches Software arbeitet ihr?&#187;]Videos werden mit Davinci Resolve geschnitten, wobei jegliche Bilder mit Luminar Neo bearbeitet werden.[\/vc_toggle][\/vc_column][\/vc_row]<\/p>\n<\/div>","protected":false},"excerpt":{"rendered":"<p>[vc_row][vc_column][vc_column_text]H\u00e4ufig gestellte Fragen[\/vc_column_text][vc_toggle title=&#187;Welche Services bietet ihr alles an?&#187;]Unser Fokus ist ganz klar bei der Videoproduktion von A-Z. Gerade bei Events \u00fcbernehmen wir aber auch oft die Fotographie, so kann der ganze Rahmen von uns abgedeckt werden. Bei bedarf sind wir auch f\u00fcr grafische Arbeiten wie zum Beispiel das Erstellen von einem Logo, Covers oder [&hellip;]<\/p>\n","protected":false},"author":1,"featured_media":0,"parent":0,"menu_order":0,"comment_status":"closed","ping_status":"closed","template":"","meta":{"footnotes":"","iawp_total_views":3},"acf":[],"aioseo_notices":[],"_links":{"self":[{"href":"https:\/\/uncaptured.ch\/index.php\/wp-json\/wp\/v2\/pages\/1286"}],"collection":[{"href":"https:\/\/uncaptured.ch\/index.php\/wp-json\/wp\/v2\/pages"}],"about":[{"href":"https:\/\/uncaptured.ch\/index.php\/wp-json\/wp\/v2\/types\/page"}],"author":[{"embeddable":true,"href":"https:\/\/uncaptured.ch\/index.php\/wp-json\/wp\/v2\/users\/1"}],"replies":[{"embeddable":true,"href":"https:\/\/uncaptured.ch\/index.php\/wp-json\/wp\/v2\/comments?post=1286"}],"version-history":[{"count":11,"href":"https:\/\/uncaptured.ch\/index.php\/wp-json\/wp\/v2\/pages\/1286\/revisions"}],"predecessor-version":[{"id":1486,"href":"https:\/\/uncaptured.ch\/index.php\/wp-json\/wp\/v2\/pages\/1286\/revisions\/1486"}],"wp:attachment":[{"href":"https:\/\/uncaptured.ch\/index.php\/wp-json\/wp\/v2\/media?parent=1286"}],"curies":[{"name":"wp","href":"https:\/\/api.w.org\/{rel}","templated":true}]}}